{"id":13,"date":"2022-07-16T15:09:19","date_gmt":"2022-07-16T15:09:19","guid":{"rendered":"https:\/\/rjaccessprojectnb.ca\/contact-us\/"},"modified":"2022-09-22T15:43:50","modified_gmt":"2022-09-22T15:43:50","slug":"contact-us","status":"publish","type":"page","link":"https:\/\/rjaccessprojectnb.ca\/fr\/contact-us\/","title":{"rendered":"Contact"},"content":{"rendered":"<div class=\"boldgrid-section\">\n<div class=\"container\"><\/div>\n<\/div>\n<div class=\"boldgrid-section\">\n<div class=\"container\"><\/div>\n<\/div>\n<div class=\"boldgrid-section\">\n<div class=\"container\">\n<div class=\"row\">\n<div class=\"col-lg-12 col-md-12 col-xs-12 col-sm-12\">\n<p class=\"\">&nbsp;<\/p>\n<\/div>\n<\/div>\n<\/div>\n<\/div>\n<div class=\"color-neutral-background-color color-neutral-text-contrast bg-background-color tmpl-contact-1 boldgrid-section dynamic-gridblock\">\n<div class=\"container-fluid\">\n<div class=\"row\">\n<div class=\"col-md-1 col-sm-1 col-xs-12 color-neutral-background-color color-neutral-text-contrast bg-background-color col-lg-1\"><\/div>\n<div class=\"col-md-5 col-sm-5 col-xs-12 color-neutral-background-color color-neutral-text-contrast bg-background-color col-lg-5\" style=\"padding: 3em;\">\n<h3 class=\"\" style=\"text-align: center;\">Contact<\/h3>\n<p class=\"\" style=\"text-align: center;\">Si vous avez des questions, des demandes des m\u00e9dias, ou si vous voulez vous inscrire pour recevoir les mises \u00e0 jour du projet en anglais ou en fran\u00e7ais, n'h\u00e9sitez pas \u00e0 nous contacter \u00e0 l'adresse suivante : <em>reproductivenb@unb.ca<\/em><\/p>\n<div class=\"row bg-editor-hr-wrap\">\n<div class=\"col-lg-12 col-md-12 col-xs-12 col-sm-12\">\n<div>\n<p>&nbsp;<\/p>\n<\/div>\n<\/div>\n<\/div>\n<\/div>\n<div class=\"col-md-5 col-sm-5 col-xs-12 color4-background-color color-4-text-contrast bg-background-color col-lg-5\" style=\"padding: 3em;\">\n<h3 class=\"\" style=\"text-align: center;\">Vous pouvez \u00e9galement suivre le projet sur les m\u00e9dias sociaux !<\/h3>\n<div class=\"row bg-editor-hr-wrap\">\n<div class=\"col-lg-12 col-md-12 col-xs-12 col-sm-12\">\n<hr class=\"color1-color bg-hr-2 bg-hr\" style=\"margin-bottom: 30px;\" width=\"10%\">\n<\/div>\n<\/div>\n<p class=\"\" style=\"text-align: center;\"><a style=\"margin: 10px; text-decoration: none;\" title=\"Facebook: @reproductivecarenb\" href=\"https:\/\/www.facebook.com\/ReproductiveCareNB\/\"><i class=\"fa fa-facebook\" style=\"font-size: 25px;\" aria-hidden=\"true\"><span style=\"display: none;\">&nbsp;<\/span><\/i><\/a> <a style=\"margin: 10px; text-decoration: none;\" title=\"twitter: @reproductivenb\" href=\"https:\/\/twitter.com\/reproductivenb\"><i class=\"fa fa-twitter\" style=\"font-size: 25px;\" aria-hidden=\"true\"><span style=\"display: none;\">&nbsp;<\/span><\/i><\/a> <a style=\"margin: 10px; text-decoration: none;\" title=\"Instagram: @ReproductiveCareNB\" href=\"https:\/\/www.instagram.com\/reproductivecarenb\/\"><i class=\"fa fa-instagram\" style=\"font-size: 25px;\" aria-hidden=\"true\"><span style=\"display: none;\">&nbsp;<\/span><\/i><\/a><\/p>\n<\/div>\n<div class=\"col-md-1 col-sm-1 col-xs-12 color4-background-color color-4-text-contrast bg-background-color col-lg-1\"><\/div>\n<\/div>\n<\/div>\n<\/div>","protected":false},"excerpt":{"rendered":"<p>&nbsp; Contact If you have any questions, media inquiries, or if you want to sign up for project updates in English or French, please feel free to contact at reproductivenb@unb.ca<\/p>\n<div class=\"read-more\"><a class=\"btn button-primary\" href=\"https:\/\/rjaccessprojectnb.ca\/fr\/contact-us\/\">Lire la suite<\/a><\/div>","protected":false},"author":1,"featured_media":42,"parent":0,"menu_order":0,"comment_status":"closed","ping_status":"closed","template":"","meta":{"crio-premium-page-header-override":null,"crio-premium-page-header-select":"none","crio-premium-page-header-featured-image-background":"","crio-premium-page-header-background":"","footnotes":""},"class_list":["post-13","page","type-page","status-publish","has-post-thumbnail"],"jetpack_sharing_enabled":true,"_links":{"self":[{"href":"https:\/\/rjaccessprojectnb.ca\/fr\/wp-json\/wp\/v2\/pages\/13","targetHints":{"allow":["GET"]}}],"collection":[{"href":"https:\/\/rjaccessprojectnb.ca\/fr\/wp-json\/wp\/v2\/pages"}],"about":[{"href":"https:\/\/rjaccessprojectnb.ca\/fr\/wp-json\/wp\/v2\/types\/page"}],"author":[{"embeddable":true,"href":"https:\/\/rjaccessprojectnb.ca\/fr\/wp-json\/wp\/v2\/users\/1"}],"replies":[{"embeddable":true,"href":"https:\/\/rjaccessprojectnb.ca\/fr\/wp-json\/wp\/v2\/comments?post=13"}],"version-history":[{"count":5,"href":"https:\/\/rjaccessprojectnb.ca\/fr\/wp-json\/wp\/v2\/pages\/13\/revisions"}],"predecessor-version":[{"id":215,"href":"https:\/\/rjaccessprojectnb.ca\/fr\/wp-json\/wp\/v2\/pages\/13\/revisions\/215"}],"wp:featuredmedia":[{"embeddable":true,"href":"https:\/\/rjaccessprojectnb.ca\/fr\/wp-json\/wp\/v2\/media\/42"}],"wp:attachment":[{"href":"https:\/\/rjaccessprojectnb.ca\/fr\/wp-json\/wp\/v2\/media?parent=13"}],"curies":[{"name":"wp","href":"https:\/\/api.w.org\/{rel}","templated":true}]}}