{"id":82,"date":"2022-09-12T16:24:16","date_gmt":"2022-09-12T16:24:16","guid":{"rendered":"https:\/\/rjaccessprojectnb.ca\/?page_id=82"},"modified":"2023-03-16T17:50:07","modified_gmt":"2023-03-16T17:50:07","slug":"whats-happening","status":"publish","type":"page","link":"https:\/\/rjaccessprojectnb.ca\/fr\/whats-happening\/","title":{"rendered":"Quoi de neuf?"},"content":{"rendered":"<div class=\"tmpl-call_to_action-20 boldgrid-section dynamic-gridblock\">\n<div class=\"container-fluid\">\n<div class=\"row background-scroll\" style=\"padding-top: 50px; padding-bottom: 150px; background-position: 50% 50%; background-size: cover; color: #000000;\" gb-background-image=\"url(&quot;https:\/\/images.unsplash.com\/photo-1444791252404-500e5b11f71b?ixlib=rb-0.3.5&amp;q=80&amp;fm=jpg&amp;crop=entropy&amp;cs=tinysrgb&amp;w=1600&amp;h=900&amp;fit=crop&amp;s=1525ccc13651d537b716440b67798ac2&quot;)\">\n<div class=\"col-md-12 col-sm-12 col-xs-12 col-lg-12\"><\/div>\n<\/div>\n<div class=\"row\" style=\"margin-top: -100px;\">\n<div class=\"col-md-2 col-sm-12 col-xs-12 col-lg-2\"><\/div>\n<div class=\"col-md-8 col-xs-12 col-sm-12 col-lg-8\">\n<p class=\"\" style=\"margin-bottom: 20px; text-align: center;\"><img data-recalc-dims=\"1\" decoding=\"async\" class=\"bg-img alignnone wp-image-32 size-medium\" src=\"https:\/\/i0.wp.com\/rjaccessprojectnb.ca\/wp-content\/uploads\/2022\/07\/0_17_350_110_corinne-kutz-tMI2_-r5Nfo-unsplash-imhwpb-9x79mz9tvsqenuo.jpg?resize=350%2C110&#038;ssl=1\" alt=\"\" width=\"350\" height=\"110\"><\/p>\n<h2 class=\"\" style=\"text-align: center;\"><strong>Sondage sur le projet<\/strong><\/h2>\n<\/div>\n<div class=\"col-md-2 col-sm-12 col-xs-12 col-lg-2\"><\/div>\n<\/div>\n<div class=\"row\" style=\"padding-bottom: 50px; margin-top: 20px;\">\n<div class=\"col-md-2 col-sm-12 col-xs-12 col-lg-2\"><\/div>\n<div class=\"col-md-4 col-xs-12 col-sm-12 col-lg-7\">\n<p class=\"\">Notre enqu\u00eate est maintenant termin\u00e9e. Nous remercions tous ceux qui y ont contribu\u00e9.<\/p>\n<p class=\"\">Restez \u00e0 l'\u00e9coute pour d'autres mises \u00e0 jour sur le projet !<\/p>\n<\/div>\n<\/div>\n<\/div>\n<\/div>\n<div class=\"color-neutral-background-color color-neutral-text-contrast bg-background-color tmpl-about-16 boldgrid-section dynamic-gridblock\">\n<div class=\"container\">\n<div class=\"row\" style=\"padding-top: 25px; padding-bottom: 25px;\">\n<div class=\"col-md-12 col-xs-12 col-sm-12 col-lg-12\">\n<div class=\"boldgrid-wrap-row boldgrid-slider\" data-config=\"{&quot;arrows&quot;:true,&quot;autoplay&quot;:false,&quot;autoplaySpeed&quot;:&quot;10&quot;,&quot;dots&quot;:false,&quot;infinite&quot;:true,&quot;bgOptions&quot;:{&quot;arrowsPos&quot;:&quot;top-left&quot;,&quot;arrowsOverlay&quot;:false,&quot;arrowsBgColor&quot;:&quot;1&quot;,&quot;arrowsIcon&quot;:&quot;angle&quot;,&quot;arrowsSize&quot;:&quot;20&quot;,&quot;dotsPos&quot;:&quot;bottom&quot;,&quot;dotsOverlay&quot;:false,&quot;dotsColor&quot;:&quot;#000000&quot;,&quot;dotsSize&quot;:&quot;50&quot;},&quot;colors&quot;:{&quot;arrowsBG&quot;:{&quot;type&quot;:&quot;class&quot;,&quot;value&quot;:&quot;1&quot;,&quot;text&quot;:&quot;&quot;},&quot;dotsColor&quot;:{&quot;type&quot;:&quot;class&quot;,&quot;value&quot;:&quot;1&quot;,&quot;text&quot;:&quot;&quot;}}}\" style=\"margin-top: 40px;\">\n<div class=\"row\" style=\"width: 100%; display: inline-block;\">\n<div class=\"col-md-6 col-xs-12 col-sm-6 col-lg-6\" style=\"padding: padding: 2em 3em 2em 0;\">\n<div>\n<h3>Publications<\/h3>\n<p>Hughes, J., Taylor, J., Hughes, C. (3 f\u00e9v 2023). <a tabindex=\"0\" href=\"https:\/\/verfassungsblog.de\/abortion-in-canada-always-legal-not-always-accessible\/\">Abortion in Canada: Always Legal, Not Always Accessible<\/a>. Verfassungsblog on Matters Constitutional. Global Constitutionalism, University zu Berlin.<\/p>\n<p class=\"\" style=\"margin-top: 2em;\">&nbsp;<\/p>\n<\/div>\n<\/div>\n<div class=\"col-md-6 col-xs-12 col-sm-6 col-lg-6\" style=\"padding: padding: 2em 3em 2em 0;\">\n<div>\n<div>\n<h3>Conf\u00e9rences<\/h3>\n<p>Les soumissions des membres de l'\u00e9quipe sont accept\u00e9es \u00e0 :<\/p>\n<\/div>\n<ul>\n<li>35th Annual Health Policy Conference, Centre for Health Services &amp; Policy Research, University of British Columbia<\/li>\n<li>Association Canadienne Droit et Soci\u00e9t\u00e9, Congr\u00e8s 2023<\/li>\n<li>Association canadienne de science politique, Congr\u00e8s 2023<\/li>\n<li>Soci\u00e9t\u00e9 Canadienne de Sociologie, Congr\u00e8s 2023<\/li>\n<\/ul>\n<\/div>\n<\/div>\n<\/div>\n<div class=\"row\" style=\"width: 100%; display: inline-block;\">\n<div class=\"col-md-6 col-xs-12 col-sm-6 col-lg-6\" style=\"padding: padding: 2em 3em 2em 0;\">\n<h3>We Will Lead The Way<\/h3>\n<p class=\"\">Lorem ipsum dolor sit amet, consectetur adipiscing elit. Nullam eu dignissim tortor, sit amet bibendum lacus. Lorem ipsum dolor sit amet, consectetur adipiscing elit.<\/p>\n<p class=\"\">Lorem ipsum dolor sit amet, consectetur adipiscing elit. Nullam eu dignissim tortor, sit amet bibendum lacus. Lorem ipsum dolor sit amet, consectetur adipiscing elit. Nullam eu dignissim tortor, sit amet bibendum lacus.<\/p>\n<p class=\"\" style=\"margin-top: 2em;\"><a class=\"btn-color-5 btn btn-uppercase btn-regular\" tabindex=\"-1\" href=\"#\">Learn More<\/a><\/p>\n<\/div>\n<div class=\"col-md-6 col-xs-12 col-sm-6 col-lg-6\" style=\"padding: padding: 2em 3em 2em 0;\">\n<h3>Bold Solutions<\/h3>\n<p class=\"\">Lorem ipsum dolor sit amet, consectetur adipiscing elit. Nullam eu dignissim tortor, sit amet bibendum lacus. Lorem ipsum dolor sit amet, consectetur adipiscing elit.<\/p>\n<p class=\"\">Lorem ipsum dolor sit amet, consectetur adipiscing elit. Nullam eu dignissim tortor, sit amet bibendum lacus. Lorem ipsum dolor sit amet, consectetur adipiscing elit. Nullam eu dignissim tortor, sit amet bibendum lacus.<\/p>\n<p class=\"\" style=\"margin-top: 2em;\"><a class=\"btn-color-5 btn btn-uppercase btn-regular\" tabindex=\"-1\" href=\"#\">Learn More<\/a><\/p>\n<\/div>\n<\/div>\n<\/div>\n<\/div>\n<\/div>\n<\/div>\n<\/div>\n<div class=\"color3-background-color color-3-text-contrast bg-background-color tmpl-blog-1 boldgrid-section dynamic-gridblock\">\n<div class=\"container\"><\/div>\n<\/div>\n<div class=\"boldgrid-section\">\n<div class=\"container\">\n<div class=\"row\">\n<div class=\"col-lg-12 col-md-12 col-xs-12 col-sm-12\">\n<div class=\"row bg-editor-hr-wrap\">\n<div class=\"col-lg-12 col-md-12 col-xs-12 col-sm-12\">\n<div>\n<hr>\n<\/div>\n<\/div>\n<\/div>\n<\/div>\n<\/div>\n<p class=\"\">&nbsp;<\/p>\n<p class=\"\">&nbsp;<\/p>\n<\/div>\n<\/div>","protected":false},"excerpt":{"rendered":"<p>Project Survey Our survey is now closed. Our thanks to everyone who contributed. Stay tuned for more project updates! Publications Hughes, J., Taylor, J., Hughes, C. (3 Feb 2023). Abortion<\/p>\n<div class=\"read-more\"><a class=\"btn button-primary\" href=\"https:\/\/rjaccessprojectnb.ca\/fr\/whats-happening\/\">Lire la suite<\/a><\/div>","protected":false},"author":1,"featured_media":43,"parent":0,"menu_order":0,"comment_status":"closed","ping_status":"closed","template":"","meta":{"crio-premium-page-header-override":null,"crio-premium-page-header-select":"none","crio-premium-page-header-featured-image-background":"","crio-premium-page-header-background":"","footnotes":""},"class_list":["post-82","page","type-page","status-publish","has-post-thumbnail"],"jetpack_sharing_enabled":true,"_links":{"self":[{"href":"https:\/\/rjaccessprojectnb.ca\/fr\/wp-json\/wp\/v2\/pages\/82","targetHints":{"allow":["GET"]}}],"collection":[{"href":"https:\/\/rjaccessprojectnb.ca\/fr\/wp-json\/wp\/v2\/pages"}],"about":[{"href":"https:\/\/rjaccessprojectnb.ca\/fr\/wp-json\/wp\/v2\/types\/page"}],"author":[{"embeddable":true,"href":"https:\/\/rjaccessprojectnb.ca\/fr\/wp-json\/wp\/v2\/users\/1"}],"replies":[{"embeddable":true,"href":"https:\/\/rjaccessprojectnb.ca\/fr\/wp-json\/wp\/v2\/comments?post=82"}],"version-history":[{"count":11,"href":"https:\/\/rjaccessprojectnb.ca\/fr\/wp-json\/wp\/v2\/pages\/82\/revisions"}],"predecessor-version":[{"id":325,"href":"https:\/\/rjaccessprojectnb.ca\/fr\/wp-json\/wp\/v2\/pages\/82\/revisions\/325"}],"wp:featuredmedia":[{"embeddable":true,"href":"https:\/\/rjaccessprojectnb.ca\/fr\/wp-json\/wp\/v2\/media\/43"}],"wp:attachment":[{"href":"https:\/\/rjaccessprojectnb.ca\/fr\/wp-json\/wp\/v2\/media?parent=82"}],"curies":[{"name":"wp","href":"https:\/\/api.w.org\/{rel}","templated":true}]}}